{"id":1763,"date":"2023-03-13T15:12:23","date_gmt":"2023-03-13T14:12:23","guid":{"rendered":"https:\/\/kurrikulum.frl\/ynformaasje\/"},"modified":"2023-06-29T11:05:42","modified_gmt":"2023-06-29T09:05:42","slug":"ynformaasje","status":"publish","type":"page","link":"https:\/\/kurrikulum.frl\/fy-nl\/ynformaasje\/","title":{"rendered":"ynformaasje"},"content":{"rendered":"\t\t<div data-elementor-type=\"wp-page\" data-elementor-id=\"1763\" class=\"elementor elementor-1763 elementor-597\">\n\t\t\t\t\t\t\t\t\t<section class=\"elementor-section elementor-top-section elementor-element elementor-element-9b18311 elementor-section-boxed elementor-section-height-default elementor-section-height-default\" data-id=\"9b18311\" data-element_type=\"section\">\n\t\t\t\t\t\t<div class=\"elementor-container elementor-column-gap-default\">\n\t\t\t\t\t<div class=\"elementor-column elementor-col-100 elementor-top-column elementor-element elementor-element-de2fa46\" data-id=\"de2fa46\" data-element_type=\"column\">\n\t\t\t<div class=\"elementor-widget-wrap elementor-element-populated\">\n\t\t\t\t\t\t\t\t<div class=\"elementor-element elementor-element-f0691e3 elementor-widget elementor-widget-breadcrumbs\" data-id=\"f0691e3\" data-element_type=\"widget\" data-widget_type=\"breadcrumbs.default\">\n\t\t\t\t<div class=\"elementor-widget-container\">\n\t\t\t<link rel=\"stylesheet\" href=\"https:\/\/kurrikulum.frl\/wp-content\/plugins\/elementor-pro\/assets\/css\/widget-theme-elements.min.css\"><p id=\"breadcrumbs\"><span><span><a href=\"https:\/\/kurrikulum.frl\/fy-nl\/\">Home<\/a><\/span><\/span><\/p>\t\t<\/div>\n\t\t\t\t<\/div>\n\t\t\t\t\t<\/div>\n\t\t<\/div>\n\t\t\t\t\t\t\t<\/div>\n\t\t<\/section>\n\t\t\t\t<section class=\"elementor-section elementor-top-section elementor-element elementor-element-ff0e31f elementor-section-boxed elementor-section-height-default elementor-section-height-default\" data-id=\"ff0e31f\" data-element_type=\"section\">\n\t\t\t\t\t\t<div class=\"elementor-container elementor-column-gap-default\">\n\t\t\t\t\t<div class=\"elementor-column elementor-col-100 elementor-top-column elementor-element elementor-element-e9fc48d\" data-id=\"e9fc48d\" data-element_type=\"column\" data-settings=\"{&quot;background_background&quot;:&quot;classic&quot;}\">\n\t\t\t<div class=\"elementor-widget-wrap elementor-element-populated\">\n\t\t\t\t\t\t\t\t<section class=\"elementor-section elementor-inner-section elementor-element elementor-element-55c46a8 elementor-section-boxed elementor-section-height-default elementor-section-height-default\" data-id=\"55c46a8\" data-element_type=\"section\" data-settings=\"{&quot;background_background&quot;:&quot;classic&quot;}\">\n\t\t\t\t\t\t<div class=\"elementor-container elementor-column-gap-default\">\n\t\t\t\t\t<div class=\"elementor-column elementor-col-100 elementor-inner-column elementor-element elementor-element-3bfd850\" data-id=\"3bfd850\" data-element_type=\"column\">\n\t\t\t<div class=\"elementor-widget-wrap elementor-element-populated\">\n\t\t\t\t\t\t\t\t<div class=\"elementor-element elementor-element-d6db2f7 elementor-widget elementor-widget-spacer\" data-id=\"d6db2f7\" data-element_type=\"widget\" data-widget_type=\"spacer.default\">\n\t\t\t\t<div class=\"elementor-widget-container\">\n\t\t\t<style>\/*! elementor - v3.14.0 - 26-06-2023 *\/\n.elementor-column .elementor-spacer-inner{height:var(--spacer-size)}.e-con{--container-widget-width:100%}.e-con-inner>.elementor-widget-spacer,.e-con>.elementor-widget-spacer{width:var(--container-widget-width,var(--spacer-size));--align-self:var(--container-widget-align-self,initial);--flex-shrink:0}.e-con-inner>.elementor-widget-spacer>.elementor-widget-container,.e-con-inner>.elementor-widget-spacer>.elementor-widget-container>.elementor-spacer,.e-con>.elementor-widget-spacer>.elementor-widget-container,.e-con>.elementor-widget-spacer>.elementor-widget-container>.elementor-spacer{height:100%}.e-con-inner>.elementor-widget-spacer>.elementor-widget-container>.elementor-spacer>.elementor-spacer-inner,.e-con>.elementor-widget-spacer>.elementor-widget-container>.elementor-spacer>.elementor-spacer-inner{height:var(--container-widget-height,var(--spacer-size))}<\/style>\t\t<div class=\"elementor-spacer\">\n\t\t\t<div class=\"elementor-spacer-inner\"><\/div>\n\t\t<\/div>\n\t\t\t\t<\/div>\n\t\t\t\t<\/div>\n\t\t\t\t\t<\/div>\n\t\t<\/div>\n\t\t\t\t\t\t\t<\/div>\n\t\t<\/section>\n\t\t\t\t<section class=\"elementor-section elementor-inner-section elementor-element elementor-element-3c8941a elementor-section-boxed elementor-section-height-default elementor-section-height-default\" data-id=\"3c8941a\" data-element_type=\"section\">\n\t\t\t\t\t\t<div class=\"elementor-container elementor-column-gap-default\">\n\t\t\t\t\t<div class=\"elementor-column elementor-col-100 elementor-inner-column elementor-element elementor-element-d46ee47\" data-id=\"d46ee47\" data-element_type=\"column\">\n\t\t\t<div class=\"elementor-widget-wrap elementor-element-populated\">\n\t\t\t\t\t\t\t\t<div class=\"elementor-element elementor-element-0ba6ca1 elementor-view-framed elementor-shape-circle elementor-widget elementor-widget-icon\" data-id=\"0ba6ca1\" data-element_type=\"widget\" data-widget_type=\"icon.default\">\n\t\t\t\t<div class=\"elementor-widget-container\">\n\t\t\t\t\t<div class=\"elementor-icon-wrapper\">\n\t\t\t<div class=\"elementor-icon\">\n\t\t\t<svg xmlns=\"http:\/\/www.w3.org\/2000\/svg\" viewBox=\"0 0 512 512\"><path d=\"M460.3 172c-46.2-33.2-117-14.1-165.1 44.3c-5.9 8.6-17.2 10.6-25.6 4.5s-10.3-17.6-4.4-26.2c36.9-66.9 29-141.3-17.7-173.5C188.6-20.6 103.1 1.5 56.9 70.4c-85.5 126.3-77.6 313.4 44.2 400.4c121.4 87 296.3 27.7 381.8-98.6c46.2-68.4 36.4-158.5-22.6-200.2z\"><\/path><\/svg>\t\t\t<\/div>\n\t\t<\/div>\n\t\t\t\t<\/div>\n\t\t\t\t<\/div>\n\t\t\t\t<div class=\"elementor-element elementor-element-9eca3a5 elementor-widget elementor-widget-heading\" data-id=\"9eca3a5\" data-element_type=\"widget\" data-widget_type=\"heading.default\">\n\t\t\t\t<div class=\"elementor-widget-container\">\n\t\t\t<style>\/*! elementor - v3.14.0 - 26-06-2023 *\/\n.elementor-heading-title{padding:0;margin:0;line-height:1}.elementor-widget-heading .elementor-heading-title[class*=elementor-size-]>a{color:inherit;font-size:inherit;line-height:inherit}.elementor-widget-heading .elementor-heading-title.elementor-size-small{font-size:15px}.elementor-widget-heading .elementor-heading-title.elementor-size-medium{font-size:19px}.elementor-widget-heading .elementor-heading-title.elementor-size-large{font-size:29px}.elementor-widget-heading .elementor-heading-title.elementor-size-xl{font-size:39px}.elementor-widget-heading .elementor-heading-title.elementor-size-xxl{font-size:59px}<\/style><h1 class=\"elementor-heading-title elementor-size-default\">W\u00earom in nij kurrikulum foar de Fryske taal en kultuer?<\/h1>\t\t<\/div>\n\t\t\t\t<\/div>\n\t\t\t\t<div class=\"elementor-element elementor-element-fcda9a1 elementor-widget elementor-widget-spacer\" data-id=\"fcda9a1\" data-element_type=\"widget\" data-widget_type=\"spacer.default\">\n\t\t\t\t<div class=\"elementor-widget-container\">\n\t\t\t\t\t<div class=\"elementor-spacer\">\n\t\t\t<div class=\"elementor-spacer-inner\"><\/div>\n\t\t<\/div>\n\t\t\t\t<\/div>\n\t\t\t\t<\/div>\n\t\t\t\t<div class=\"elementor-element elementor-element-8ebf8a1 elementor-widget elementor-widget-text-editor\" data-id=\"8ebf8a1\" data-element_type=\"widget\" data-widget_type=\"text-editor.default\">\n\t\t\t\t<div class=\"elementor-widget-container\">\n\t\t\t<style>\/*! elementor - v3.14.0 - 26-06-2023 *\/\n.elementor-widget-text-editor.elementor-drop-cap-view-stacked .elementor-drop-cap{background-color:#69727d;color:#fff}.elementor-widget-text-editor.elementor-drop-cap-view-framed .elementor-drop-cap{color:#69727d;border:3px solid;background-color:transparent}.elementor-widget-text-editor:not(.elementor-drop-cap-view-default) .elementor-drop-cap{margin-top:8px}.elementor-widget-text-editor:not(.elementor-drop-cap-view-default) .elementor-drop-cap-letter{width:1em;height:1em}.elementor-widget-text-editor .elementor-drop-cap{float:left;text-align:center;line-height:1;font-size:50px}.elementor-widget-text-editor .elementor-drop-cap-letter{display:inline-block}<\/style>\t\t\t\t<p>Wa &#8216;t opgroeit yn `e wr\u00e2ld fan no, hat \u00fbnderwiis nedich dat oansl\u00fat by de wr\u00e2ld fan moarn. Dat freget om in aktueel kurrikulum. D\u00earom wurdt it kurrikulum fan tiid ta tiid wersjoen. Op dit stuit wurdt foar alle fakken wurke oan it feroarjen fan de kearndoelen, dus ek foar Fryske taal en kultuer.<\/p>\n<p>Sjoch foar mear ynformaasje hjiroer \u00fbndersteand filmke.<\/p>\n\t\t\t\t\t\t<\/div>\n\t\t\t\t<\/div>\n\t\t\t\t<div class=\"elementor-element elementor-element-f7865d5 elementor-widget elementor-widget-spacer\" data-id=\"f7865d5\" data-element_type=\"widget\" data-widget_type=\"spacer.default\">\n\t\t\t\t<div class=\"elementor-widget-container\">\n\t\t\t\t\t<div class=\"elementor-spacer\">\n\t\t\t<div class=\"elementor-spacer-inner\"><\/div>\n\t\t<\/div>\n\t\t\t\t<\/div>\n\t\t\t\t<\/div>\n\t\t\t\t<div class=\"elementor-element elementor-element-a02a563 elementor-widget elementor-widget-image\" data-id=\"a02a563\" data-element_type=\"widget\" data-widget_type=\"image.default\">\n\t\t\t\t<div class=\"elementor-widget-container\">\n\t\t\t<style>\/*! elementor - v3.14.0 - 26-06-2023 *\/\n.elementor-widget-image{text-align:center}.elementor-widget-image a{display:inline-block}.elementor-widget-image a img[src$=\".svg\"]{width:48px}.elementor-widget-image img{vertical-align:middle;display:inline-block}<\/style>\t\t\t\t\t\t\t\t\t\t\t\t<img loading=\"lazy\" decoding=\"async\" width=\"800\" height=\"450\" src=\"https:\/\/kurrikulum.frl\/wp-content\/uploads\/2023\/03\/Animatie_still.jpg\" class=\"attachment-large size-large wp-image-602\" alt=\"\" srcset=\"https:\/\/kurrikulum.frl\/wp-content\/uploads\/2023\/03\/Animatie_still.jpg 816w, https:\/\/kurrikulum.frl\/wp-content\/uploads\/2023\/03\/Animatie_still-300x169.jpg 300w, https:\/\/kurrikulum.frl\/wp-content\/uploads\/2023\/03\/Animatie_still-768x432.jpg 768w\" sizes=\"auto, (max-width: 800px) 100vw, 800px\" \/>\t\t\t\t\t\t\t\t\t\t\t\t\t\t\t<\/div>\n\t\t\t\t<\/div>\n\t\t\t\t<div class=\"elementor-element elementor-element-36b7e94 elementor-widget elementor-widget-spacer\" data-id=\"36b7e94\" data-element_type=\"widget\" data-widget_type=\"spacer.default\">\n\t\t\t\t<div class=\"elementor-widget-container\">\n\t\t\t\t\t<div class=\"elementor-spacer\">\n\t\t\t<div class=\"elementor-spacer-inner\"><\/div>\n\t\t<\/div>\n\t\t\t\t<\/div>\n\t\t\t\t<\/div>\n\t\t\t\t<div class=\"elementor-element elementor-element-ea9e0bb elementor-align-right elementor-icon-list--layout-traditional elementor-list-item-link-full_width elementor-widget elementor-widget-icon-list\" data-id=\"ea9e0bb\" data-element_type=\"widget\" data-widget_type=\"icon-list.default\">\n\t\t\t\t<div class=\"elementor-widget-container\">\n\t\t\t<link rel=\"stylesheet\" href=\"https:\/\/kurrikulum.frl\/wp-content\/uploads\/elementor\/css\/custom-widget-icon-list.min.css?ver=1689068788\">\t\t<ul class=\"elementor-icon-list-items\">\n\t\t\t\t\t\t\t<li class=\"elementor-icon-list-item\">\n\t\t\t\t\t\t\t\t\t\t\t<a href=\"https:\/\/actualisatiekerndoelen.nl\/\" target=\"_blank\">\n\n\t\t\t\t\t\t\t\t\t\t\t\t<span class=\"elementor-icon-list-icon\">\n\t\t\t\t\t\t\t<i aria-hidden=\"true\" class=\"fas fa-chevron-right\"><\/i>\t\t\t\t\t\t<\/span>\n\t\t\t\t\t\t\t\t\t\t<span class=\"elementor-icon-list-text\">Besjoch dizze animaasje fan SLO<\/span>\n\t\t\t\t\t\t\t\t\t\t\t<\/a>\n\t\t\t\t\t\t\t\t\t<\/li>\n\t\t\t\t\t\t<\/ul>\n\t\t\t\t<\/div>\n\t\t\t\t<\/div>\n\t\t\t\t<div class=\"elementor-element elementor-element-15e4992 elementor-widget elementor-widget-spacer\" data-id=\"15e4992\" data-element_type=\"widget\" data-widget_type=\"spacer.default\">\n\t\t\t\t<div class=\"elementor-widget-container\">\n\t\t\t\t\t<div class=\"elementor-spacer\">\n\t\t\t<div class=\"elementor-spacer-inner\"><\/div>\n\t\t<\/div>\n\t\t\t\t<\/div>\n\t\t\t\t<\/div>\n\t\t\t\t<div class=\"elementor-element elementor-element-243caaa elementor-widget elementor-widget-text-editor\" data-id=\"243caaa\" data-element_type=\"widget\" data-widget_type=\"text-editor.default\">\n\t\t\t\t<div class=\"elementor-widget-container\">\n\t\t\t\t\t\t\t<p>In aktueel kurrikulum soarget foar in goede trochstreaming fan de basisskoalle nei it ferfolch\u00fbnderwiis en biedt gearhing tusken fakken. Ek draacht in goed kurrikulum by oan in minder fol lesprogramma. <\/p>\n\t\t\t\t\t\t<\/div>\n\t\t\t\t<\/div>\n\t\t\t\t\t<\/div>\n\t\t<\/div>\n\t\t\t\t\t\t\t<\/div>\n\t\t<\/section>\n\t\t\t\t<section class=\"elementor-section elementor-inner-section elementor-element elementor-element-45ee123 elementor-section-boxed elementor-section-height-default elementor-section-height-default\" data-id=\"45ee123\" data-element_type=\"section\">\n\t\t\t\t\t\t<div class=\"elementor-container elementor-column-gap-default\">\n\t\t\t\t\t<div class=\"elementor-column elementor-col-100 elementor-inner-column elementor-element elementor-element-9088b9f\" data-id=\"9088b9f\" data-element_type=\"column\" data-settings=\"{&quot;background_background&quot;:&quot;classic&quot;}\">\n\t\t\t<div class=\"elementor-widget-wrap elementor-element-populated\">\n\t\t\t\t\t\t\t\t<div class=\"elementor-element elementor-element-6f08548 elementor-icon-list--layout-traditional elementor-list-item-link-full_width elementor-widget elementor-widget-icon-list\" data-id=\"6f08548\" data-element_type=\"widget\" data-widget_type=\"icon-list.default\">\n\t\t\t\t<div class=\"elementor-widget-container\">\n\t\t\t\t\t<ul class=\"elementor-icon-list-items\">\n\t\t\t\t\t\t\t<li class=\"elementor-icon-list-item\">\n\t\t\t\t\t\t\t\t\t\t\t<span class=\"elementor-icon-list-icon\">\n\t\t\t\t\t\t\t<svg xmlns=\"http:\/\/www.w3.org\/2000\/svg\" viewBox=\"0 0 512 512\"><path d=\"M335.2 244.7c.5 3.7 .8 7.5 .8 11.3c0 44.2-35.8 80-80 80s-80-35.8-80-80s35.8-80 80-80c3.8 0 7.6 .3 11.3 .8l31.2-31.2L293.7 117c-12-3.3-24.7-5-37.7-5c-79.5 0-144 64.5-144 144s64.5 144 144 144s144-64.5 144-144c0-13.1-1.7-25.7-5-37.7l-28.6-4.8-31.2 31.2zm110.1-20.8c1.8 10.4 2.7 21.1 2.7 32.1c0 106-86 192-192 192S64 362 64 256S150 64 256 64c10.9 0 21.6 .9 32.1 2.7l9.3-9.3 43.1-43.1C314 5 285.6 0 256 0C114.6 0 0 114.6 0 256S114.6 512 256 512s256-114.6 256-256c0-29.6-5-58-14.3-84.5l-43.1 43.1-9.3 9.3zm-80.2-43.1l50.7 8.4c10.2 1.7 20.6-1.6 27.9-8.9l51.2-51.2c8.1-8.1 5.3-21.9-5.4-26.2L432 80 409 22.5c-4.3-10.7-18-13.5-26.2-5.4L331.6 68.4c-7.3 7.3-10.6 17.7-8.9 27.9l8.4 50.7L239 239c-9.4 9.4-9.4 24.6 0 33.9s24.6 9.4 33.9 0l92.1-92.1z\"><\/path><\/svg>\t\t\t\t\t\t<\/span>\n\t\t\t\t\t\t\t\t\t\t<span class=\"elementor-icon-list-text\">Doelen wiziging kurrikulum<\/span>\n\t\t\t\t\t\t\t\t\t<\/li>\n\t\t\t\t\t\t<\/ul>\n\t\t\t\t<\/div>\n\t\t\t\t<\/div>\n\t\t\t\t<div class=\"elementor-element elementor-element-6bbc2ed elementor-widget elementor-widget-spacer\" data-id=\"6bbc2ed\" data-element_type=\"widget\" data-widget_type=\"spacer.default\">\n\t\t\t\t<div class=\"elementor-widget-container\">\n\t\t\t\t\t<div class=\"elementor-spacer\">\n\t\t\t<div class=\"elementor-spacer-inner\"><\/div>\n\t\t<\/div>\n\t\t\t\t<\/div>\n\t\t\t\t<\/div>\n\t\t\t\t<div class=\"elementor-element elementor-element-e0cefe0 elementor-widget elementor-widget-text-editor\" data-id=\"e0cefe0\" data-element_type=\"widget\" data-widget_type=\"text-editor.default\">\n\t\t\t\t<div class=\"elementor-widget-container\">\n\t\t\t\t\t\t\t<ul>\n<li>Romte jaan oan de trije doelen \/ funksjes fan \u00fbnderwiis: persoansfoarming, kwalifikaasje en sosjalisaasje (Biesta).<\/li>\n<li>Befoarderjen fan gearhing yn de \u00fbnderwiisynh\u00e2ld: tusken fakken en binnen fakken.<\/li>\n<li>Soargje foar trochrinnende learlinen (en soepele oergongen) yn it Fryske taal &#8211; en kultuer\u00fbnderwiis.<\/li>\n<li>Oerladenens yn it \u00fbnderwiisprogramma werombringe.<\/li>\n<\/ul>\n\t\t\t\t\t\t<\/div>\n\t\t\t\t<\/div>\n\t\t\t\t\t<\/div>\n\t\t<\/div>\n\t\t\t\t\t\t\t<\/div>\n\t\t<\/section>\n\t\t\t\t<section class=\"elementor-section elementor-inner-section elementor-element elementor-element-3bf49c4 elementor-section-boxed elementor-section-height-default elementor-section-height-default\" data-id=\"3bf49c4\" data-element_type=\"section\">\n\t\t\t\t\t\t<div class=\"elementor-container elementor-column-gap-default\">\n\t\t\t\t\t<div class=\"elementor-column elementor-col-100 elementor-inner-column elementor-element elementor-element-444b5e9\" data-id=\"444b5e9\" data-element_type=\"column\">\n\t\t\t<div class=\"elementor-widget-wrap elementor-element-populated\">\n\t\t\t\t\t\t\t\t<div class=\"elementor-element elementor-element-d21fa0f elementor-widget elementor-widget-text-editor\" data-id=\"d21fa0f\" data-element_type=\"widget\" data-widget_type=\"text-editor.default\">\n\t\t\t\t<div class=\"elementor-widget-container\">\n\t\t\t\t\t\t\t<p>Fragen dy \u2019t fan belang binne by de \u00fbntwikkeling fan it kurrikulum Frysk binne \u00fbnder oare:<\/p>\n<ul>\n<li>Hoe h\u00e2lde wy romte foar skoallen om sels it programma te bepalen, oanslutend op harren fisy, learlingen en omjouwing?<\/li>\n<li>Hoe kinne wy d\u00fadlikheid kre\u00ebarje: wat moatte alle learlingen leare en hoefolle romte is der oer foar eigen ynfolling?<\/li>\n<li>Hoe h\u00e2lde wy rekken mei ferskillen yn taaleftergr\u00fbn fan learlingen?<\/li>\n<li>Hoe dogge wy rjocht oan bygelyks Europeeske ferdraggen dy \u2019t der binne om de posysje fan it Frysk te beskermjen?<\/li>\n<\/ul>\n\t\t\t\t\t\t<\/div>\n\t\t\t\t<\/div>\n\t\t\t\t<div class=\"elementor-element elementor-element-e82fba5 elementor-widget elementor-widget-spacer\" data-id=\"e82fba5\" data-element_type=\"widget\" data-widget_type=\"spacer.default\">\n\t\t\t\t<div class=\"elementor-widget-container\">\n\t\t\t\t\t<div class=\"elementor-spacer\">\n\t\t\t<div class=\"elementor-spacer-inner\"><\/div>\n\t\t<\/div>\n\t\t\t\t<\/div>\n\t\t\t\t<\/div>\n\t\t\t\t\t<\/div>\n\t\t<\/div>\n\t\t\t\t\t\t\t<\/div>\n\t\t<\/section>\n\t\t\t\t\t<\/div>\n\t\t<\/div>\n\t\t\t\t\t\t\t<\/div>\n\t\t<\/section>\n\t\t\t\t\t\t\t<\/div>\n\t\t","protected":false},"excerpt":{"rendered":"<p>W\u00earom in nij kurrikulum foar de Fryske taal en kultuer? Wa &#8216;t opgroeit yn `e wr\u00e2ld fan no, hat \u00fbnderwiis nedich dat oansl\u00fat by de wr\u00e2ld fan moarn. Dat freget om in aktueel kurrikulum. D\u00earom wurdt it kurrikulum fan tiid ta tiid wersjoen. Op dit stuit wurdt foar alle fakken wurke oan it feroarjen fan [&hellip;]<\/p>\n","protected":false},"author":1,"featured_media":583,"parent":0,"menu_order":0,"comment_status":"closed","ping_status":"closed","template":"","meta":{"inline_featured_image":false,"footnotes":""},"class_list":["post-1763","page","type-page","status-publish","has-post-thumbnail","hentry"],"acf":[],"yoast_head":"<!-- This site is optimized with the Yoast SEO plugin v20.11 - https:\/\/yoast.com\/wordpress\/plugins\/seo\/ -->\n<title>ynformaasje - Kurrikulum<\/title>\n<meta name=\"description\" content=\"Wa &#039;t opgroeit yn `e wr\u00e2ld fan no, hat \u00fbnderwiis nedich dat oansl\u00fat by de wr\u00e2ld fan moarn. Dat freget om in aktueel kurrikulum. D\u00earom wurdt it kurrikulum fan tiid ta tiid wersjoen. Op dit stuit wurdt foar alle fakken wurke oan it feroarjen fan de kearndoelen, dus ek foar Fryske taal en kultuer. Sjoch foar mear ynformaasje hjiroer \u00fbndersteand filmke.\" \/>\n<meta name=\"robots\" content=\"index, follow, max-snippet:-1, max-image-preview:large, max-video-preview:-1\" \/>\n<link rel=\"canonical\" href=\"https:\/\/kurrikulum.frl\/fy-nl\/ynformaasje\/\" \/>\n<meta property=\"og:locale\" content=\"fy_NL\" \/>\n<meta property=\"og:type\" content=\"article\" \/>\n<meta property=\"og:title\" content=\"ynformaasje - Kurrikulum\" \/>\n<meta property=\"og:description\" content=\"Wa &#039;t opgroeit yn `e wr\u00e2ld fan no, hat \u00fbnderwiis nedich dat oansl\u00fat by de wr\u00e2ld fan moarn. Dat freget om in aktueel kurrikulum. D\u00earom wurdt it kurrikulum fan tiid ta tiid wersjoen. Op dit stuit wurdt foar alle fakken wurke oan it feroarjen fan de kearndoelen, dus ek foar Fryske taal en kultuer. Sjoch foar mear ynformaasje hjiroer \u00fbndersteand filmke.\" \/>\n<meta property=\"og:url\" content=\"https:\/\/kurrikulum.frl\/fy-nl\/ynformaasje\/\" \/>\n<meta property=\"og:site_name\" content=\"Kurrikulum\" \/>\n<meta property=\"article:modified_time\" content=\"2023-06-29T09:05:42+00:00\" \/>\n<meta property=\"og:image\" content=\"https:\/\/kurrikulum.frl\/wp-content\/uploads\/2023\/03\/Bericht_Placeholder2.jpg\" \/>\n\t<meta property=\"og:image:width\" content=\"1200\" \/>\n\t<meta property=\"og:image:height\" content=\"800\" \/>\n\t<meta property=\"og:image:type\" content=\"image\/jpeg\" \/>\n<meta name=\"twitter:card\" content=\"summary_large_image\" \/>\n<meta name=\"twitter:label1\" content=\"Est. reading time\" \/>\n\t<meta name=\"twitter:data1\" content=\"1 minute\" \/>\n<script type=\"application\/ld+json\" class=\"yoast-schema-graph\">{\"@context\":\"https:\/\/schema.org\",\"@graph\":[{\"@type\":\"WebPage\",\"@id\":\"https:\/\/kurrikulum.frl\/fy-nl\/ynformaasje\/\",\"url\":\"https:\/\/kurrikulum.frl\/fy-nl\/ynformaasje\/\",\"name\":\"ynformaasje - Kurrikulum\",\"isPartOf\":{\"@id\":\"https:\/\/kurrikulum.frl\/#website\"},\"datePublished\":\"2023-03-13T14:12:23+00:00\",\"dateModified\":\"2023-06-29T09:05:42+00:00\",\"description\":\"Wa 't opgroeit yn `e wr\u00e2ld fan no, hat \u00fbnderwiis nedich dat oansl\u00fat by de wr\u00e2ld fan moarn. Dat freget om in aktueel kurrikulum. D\u00earom wurdt it kurrikulum fan tiid ta tiid wersjoen. Op dit stuit wurdt foar alle fakken wurke oan it feroarjen fan de kearndoelen, dus ek foar Fryske taal en kultuer. Sjoch foar mear ynformaasje hjiroer \u00fbndersteand filmke.\",\"breadcrumb\":{\"@id\":\"https:\/\/kurrikulum.frl\/fy-nl\/ynformaasje\/#breadcrumb\"},\"inLanguage\":\"fy-NL\",\"potentialAction\":[{\"@type\":\"ReadAction\",\"target\":[\"https:\/\/kurrikulum.frl\/fy-nl\/ynformaasje\/\"]}]},{\"@type\":\"BreadcrumbList\",\"@id\":\"https:\/\/kurrikulum.frl\/fy-nl\/ynformaasje\/#breadcrumb\",\"itemListElement\":[{\"@type\":\"ListItem\",\"position\":1,\"name\":\"Home\",\"item\":\"https:\/\/kurrikulum.frl\/fy-nl\/\"},{\"@type\":\"ListItem\",\"position\":2,\"name\":\"ynformaasje\"}]},{\"@type\":\"WebSite\",\"@id\":\"https:\/\/kurrikulum.frl\/#website\",\"url\":\"https:\/\/kurrikulum.frl\/\",\"name\":\"Kurrikulum\",\"description\":\"\",\"potentialAction\":[{\"@type\":\"SearchAction\",\"target\":{\"@type\":\"EntryPoint\",\"urlTemplate\":\"https:\/\/kurrikulum.frl\/?s={search_term_string}\"},\"query-input\":\"required name=search_term_string\"}],\"inLanguage\":\"fy-NL\"}]}<\/script>\n<!-- \/ Yoast SEO plugin. -->","yoast_head_json":{"title":"ynformaasje - Kurrikulum","description":"Wa 't opgroeit yn `e wr\u00e2ld fan no, hat \u00fbnderwiis nedich dat oansl\u00fat by de wr\u00e2ld fan moarn. Dat freget om in aktueel kurrikulum. D\u00earom wurdt it kurrikulum fan tiid ta tiid wersjoen. Op dit stuit wurdt foar alle fakken wurke oan it feroarjen fan de kearndoelen, dus ek foar Fryske taal en kultuer. Sjoch foar mear ynformaasje hjiroer \u00fbndersteand filmke.","robots":{"index":"index","follow":"follow","max-snippet":"max-snippet:-1","max-image-preview":"max-image-preview:large","max-video-preview":"max-video-preview:-1"},"canonical":"https:\/\/kurrikulum.frl\/fy-nl\/ynformaasje\/","og_locale":"fy_NL","og_type":"article","og_title":"ynformaasje - Kurrikulum","og_description":"Wa 't opgroeit yn `e wr\u00e2ld fan no, hat \u00fbnderwiis nedich dat oansl\u00fat by de wr\u00e2ld fan moarn. Dat freget om in aktueel kurrikulum. D\u00earom wurdt it kurrikulum fan tiid ta tiid wersjoen. Op dit stuit wurdt foar alle fakken wurke oan it feroarjen fan de kearndoelen, dus ek foar Fryske taal en kultuer. Sjoch foar mear ynformaasje hjiroer \u00fbndersteand filmke.","og_url":"https:\/\/kurrikulum.frl\/fy-nl\/ynformaasje\/","og_site_name":"Kurrikulum","article_modified_time":"2023-06-29T09:05:42+00:00","og_image":[{"width":1200,"height":800,"url":"https:\/\/kurrikulum.frl\/wp-content\/uploads\/2023\/03\/Bericht_Placeholder2.jpg","type":"image\/jpeg"}],"twitter_card":"summary_large_image","twitter_misc":{"Est. reading time":"1 minute"},"schema":{"@context":"https:\/\/schema.org","@graph":[{"@type":"WebPage","@id":"https:\/\/kurrikulum.frl\/fy-nl\/ynformaasje\/","url":"https:\/\/kurrikulum.frl\/fy-nl\/ynformaasje\/","name":"ynformaasje - Kurrikulum","isPartOf":{"@id":"https:\/\/kurrikulum.frl\/#website"},"datePublished":"2023-03-13T14:12:23+00:00","dateModified":"2023-06-29T09:05:42+00:00","description":"Wa 't opgroeit yn `e wr\u00e2ld fan no, hat \u00fbnderwiis nedich dat oansl\u00fat by de wr\u00e2ld fan moarn. Dat freget om in aktueel kurrikulum. D\u00earom wurdt it kurrikulum fan tiid ta tiid wersjoen. Op dit stuit wurdt foar alle fakken wurke oan it feroarjen fan de kearndoelen, dus ek foar Fryske taal en kultuer. Sjoch foar mear ynformaasje hjiroer \u00fbndersteand filmke.","breadcrumb":{"@id":"https:\/\/kurrikulum.frl\/fy-nl\/ynformaasje\/#breadcrumb"},"inLanguage":"fy-NL","potentialAction":[{"@type":"ReadAction","target":["https:\/\/kurrikulum.frl\/fy-nl\/ynformaasje\/"]}]},{"@type":"BreadcrumbList","@id":"https:\/\/kurrikulum.frl\/fy-nl\/ynformaasje\/#breadcrumb","itemListElement":[{"@type":"ListItem","position":1,"name":"Home","item":"https:\/\/kurrikulum.frl\/fy-nl\/"},{"@type":"ListItem","position":2,"name":"ynformaasje"}]},{"@type":"WebSite","@id":"https:\/\/kurrikulum.frl\/#website","url":"https:\/\/kurrikulum.frl\/","name":"Kurrikulum","description":"","potentialAction":[{"@type":"SearchAction","target":{"@type":"EntryPoint","urlTemplate":"https:\/\/kurrikulum.frl\/?s={search_term_string}"},"query-input":"required name=search_term_string"}],"inLanguage":"fy-NL"}]}},"_links":{"self":[{"href":"https:\/\/kurrikulum.frl\/fy-nl\/wp-json\/wp\/v2\/pages\/1763","targetHints":{"allow":["GET"]}}],"collection":[{"href":"https:\/\/kurrikulum.frl\/fy-nl\/wp-json\/wp\/v2\/pages"}],"about":[{"href":"https:\/\/kurrikulum.frl\/fy-nl\/wp-json\/wp\/v2\/types\/page"}],"author":[{"embeddable":true,"href":"https:\/\/kurrikulum.frl\/fy-nl\/wp-json\/wp\/v2\/users\/1"}],"replies":[{"embeddable":true,"href":"https:\/\/kurrikulum.frl\/fy-nl\/wp-json\/wp\/v2\/comments?post=1763"}],"version-history":[{"count":4,"href":"https:\/\/kurrikulum.frl\/fy-nl\/wp-json\/wp\/v2\/pages\/1763\/revisions"}],"predecessor-version":[{"id":1767,"href":"https:\/\/kurrikulum.frl\/fy-nl\/wp-json\/wp\/v2\/pages\/1763\/revisions\/1767"}],"wp:featuredmedia":[{"embeddable":true,"href":"https:\/\/kurrikulum.frl\/fy-nl\/wp-json\/wp\/v2\/media\/583"}],"wp:attachment":[{"href":"https:\/\/kurrikulum.frl\/fy-nl\/wp-json\/wp\/v2\/media?parent=1763"}],"curies":[{"name":"wp","href":"https:\/\/api.w.org\/{rel}","templated":true}]}}